{"id":1071,"date":"2023-11-26T08:22:15","date_gmt":"2023-11-26T06:22:15","guid":{"rendered":"https:\/\/www.viamassague.com\/declaracion-de-accesibilidad\/"},"modified":"2023-11-26T09:07:10","modified_gmt":"2023-11-26T07:07:10","slug":"declaracion-de-accesibilidad","status":"publish","type":"page","link":"https:\/\/www.viamassague.com\/es\/declaracion-de-accesibilidad\/","title":{"rendered":"Declaraci\u00f3n de Accesibilidad"},"content":{"rendered":"\t\t<div data-elementor-type=\"wp-page\" data-elementor-id=\"1071\" class=\"elementor elementor-1071 elementor-1063\" data-elementor-post-type=\"page\">\n\t\t\t\t<div class=\"elementor-element elementor-element-3c364b0 e-flex e-con-boxed e-con e-parent\" data-id=\"3c364b0\" data-element_type=\"container\" data-e-type=\"container\">\n\t\t\t\t\t<div class=\"e-con-inner\">\n\t\t\t\t<div class=\"elementor-element elementor-element-32e1b02 elementor-widget elementor-widget-heading\" data-id=\"32e1b02\" data-element_type=\"widget\" data-e-type=\"widget\" data-widget_type=\"heading.default\">\n\t\t\t\t\t<h1 class=\"elementor-heading-title elementor-size-default\">Declaraci\u00f3n de accesibilidad<\/h1>\t\t\t\t<\/div>\n\t\t\t\t<div class=\"elementor-element elementor-element-43605ee elementor-widget elementor-widget-text-editor\" data-id=\"43605ee\" data-element_type=\"widget\" data-e-type=\"widget\" data-widget_type=\"text-editor.default\">\n\t\t\t\t\t\t\t\t\t<p>Miquel Plana Multirrisc, SL se ha comprometido a hacer accesible su sitio web, de conformidad con el <a href=\"https:\/\/www.boe.es\/diario_boe\/txt.php?id=BOE-A-2018-12699\" target=\"_blank\" rel=\"noopener\">Real Decreto 1112\/2018<\/a> , de 7 de septiembre, sobre accesibilidad de los sitios web y aplicaciones para dispositivos m\u00f3viles.<\/p>\n<p>La presente declaraci\u00f3n de accesibilidad se aplica a <span style=\"text-decoration: underline;\"><a href=\"https:\/\/www.aepd.es\/\" target=\"_new\" rel=\"noopener\">https:\/\/www.viamassague.com\/<\/a><\/span><\/p>\n\t\t\t\t\t\t\t\t<\/div>\n\t\t\t\t<div class=\"elementor-element elementor-element-8d4713f elementor-widget elementor-widget-heading\" data-id=\"8d4713f\" data-element_type=\"widget\" data-e-type=\"widget\" data-widget_type=\"heading.default\">\n\t\t\t\t\t<h2 class=\"elementor-heading-title elementor-size-default\">SITUACI\u00d3N DE CUMPLIMIENTO<\/h2>\t\t\t\t<\/div>\n\t\t\t\t<div class=\"elementor-element elementor-element-6bc8a55 elementor-widget elementor-widget-text-editor\" data-id=\"6bc8a55\" data-element_type=\"widget\" data-e-type=\"widget\" data-widget_type=\"text-editor.default\">\n\t\t\t\t\t\t\t\t\t<p>Este sitio web es parcialmente conforme al Real Decreto 1112\/2018 debido a la falta de conformidad de los aspectos que se indican a continuaci\u00f3n.<\/p>\n\t\t\t\t\t\t\t\t<\/div>\n\t\t\t\t<div class=\"elementor-element elementor-element-0aa1389 elementor-widget elementor-widget-heading\" data-id=\"0aa1389\" data-element_type=\"widget\" data-e-type=\"widget\" data-widget_type=\"heading.default\">\n\t\t\t\t\t<h2 class=\"elementor-heading-title elementor-size-default\">CONTENIDO NO ACCESIBLE<\/h2>\t\t\t\t<\/div>\n\t\t\t\t<div class=\"elementor-element elementor-element-edf8fdb elementor-widget elementor-widget-text-editor\" data-id=\"edf8fdb\" data-element_type=\"widget\" data-e-type=\"widget\" data-widget_type=\"text-editor.default\">\n\t\t\t\t\t\t\t\t\t<ul>\n<li>El contenido no textual de algunas p\u00e1ginas no tiene una alternativa textual adecuada.<\/li>\n<li>Existe alguna p\u00e1gina en la que la informaci\u00f3n, la estructura y las relaciones comunicadas a trav\u00e9s de la presentaci\u00f3n no pueden ser determinadas por software o no est\u00e1n disponibles como texto.<\/li>\n<li>Algunos formularios pueden no tener asociados los elementos de forma adecuada.<\/li>\n<li>En algunas secciones existen tama\u00f1os de letras en medidas absolutas (p\u00edxeles).<\/li>\n<li>En algunas p\u00e1ginas podr\u00eda haber problemas en el orden de lectura y tabulaci\u00f3n.<\/li>\n<li>En algunos contenidos, el foco del teclado no es visible o se comporta de forma inesperada.<\/li>\n<li>El v\u00ednculo de saltar al contenido principal est\u00e1 pendiente de ser ajustado.<\/li>\n<li>Algunas secciones podr\u00edan no tener correctamente generados los encabezados y etiquetas.<\/li>\n<li>Podr\u00edan existir fallas puntuales de edici\u00f3n en alguna p\u00e1gina web.<\/li>\n<li>Carga desproporcionada: No se aplica.<\/li>\n<li>Contenido no entra dentro del campo de la legislaci\u00f3n aplicable: No se aplica.<\/li>\n<\/ul>\n\t\t\t\t\t\t\t\t<\/div>\n\t\t\t\t<div class=\"elementor-element elementor-element-e1a6685 elementor-widget elementor-widget-heading\" data-id=\"e1a6685\" data-element_type=\"widget\" data-e-type=\"widget\" data-widget_type=\"heading.default\">\n\t\t\t\t\t<h2 class=\"elementor-heading-title elementor-size-default\">PREPARACI\u00d3N DE LA PRESENTE DECLARACI\u00d3N DE ACCESIBILIDAD<\/h2>\t\t\t\t<\/div>\n\t\t\t\t<div class=\"elementor-element elementor-element-bc36dc7 elementor-widget elementor-widget-text-editor\" data-id=\"bc36dc7\" data-element_type=\"widget\" data-e-type=\"widget\" data-widget_type=\"text-editor.default\">\n\t\t\t\t\t\t\t\t\t<p>La presente declaraci\u00f3n fue preparada el 25 de noviembre de 2023  <span style=\"text-align: var(--text-align); background-color: var( --e-global-color-67cf155 ); color: var( --e-global-color-text ); font-family: -apple-system, BlinkMacSystemFont, 'Segoe UI', Roboto, 'Helvetica Neue', Arial, 'Noto Sans', sans-serif, 'Apple Color Emoji', 'Segoe UI Emoji', 'Segoe UI Symbol', 'Noto Color Emoji'; font-size: 1rem;\">El m\u00e9todo utilizado para preparar la declaraci\u00f3n ha sido una evaluaci\u00f3n en profundidad por parte del desarrollador web.<\/span><\/p>\n<p>\u00daltima revisi\u00f3n de la declaraci\u00f3n: 25 de noviembre de 2023<\/p>\n\t\t\t\t\t\t\t\t<\/div>\n\t\t\t\t<div class=\"elementor-element elementor-element-4bd3def elementor-widget elementor-widget-heading\" data-id=\"4bd3def\" data-element_type=\"widget\" data-e-type=\"widget\" data-widget_type=\"heading.default\">\n\t\t\t\t\t<h2 class=\"elementor-heading-title elementor-size-default\">OBSERVACIONES Y DATOS DE CONTACTO<\/h2>\t\t\t\t<\/div>\n\t\t\t\t<div class=\"elementor-element elementor-element-63ecbd2 elementor-widget elementor-widget-text-editor\" data-id=\"63ecbd2\" data-element_type=\"widget\" data-e-type=\"widget\" data-widget_type=\"text-editor.default\">\n\t\t\t\t\t\t\t\t\t<p>Comunicaciones sobre requisitos de accesibilidad:<\/p>\n<p>Puede comunicar incumplimientos en los requisitos de accesibilidad de nuestro sitio WEB, dificultad de acceso al contenido o realizar sugerencias y mejoras, a trav\u00e9s de las siguientes v\u00edas: correo electr\u00f3nico a info@viamassague.com o llamando al tel\u00e9fono 937220375.<\/p>\n<p>Solicitudes de informaci\u00f3n accesible y quejas:<\/p>\n<p>A trav\u00e9s del formulario de los mismos canales puede presentar una queja relativa al cumplimiento de los requisitos que establece el RD 1112\/2018 o presentar una solicitud de Informaci\u00f3n accesible.<\/p>\n\t\t\t\t\t\t\t\t<\/div>\n\t\t\t\t<div class=\"elementor-element elementor-element-5d6b669 elementor-widget elementor-widget-heading\" data-id=\"5d6b669\" data-element_type=\"widget\" data-e-type=\"widget\" data-widget_type=\"heading.default\">\n\t\t\t\t\t<h2 class=\"elementor-heading-title elementor-size-default\">PROCEDIMIENTO DE APLICACI\u00d3N<\/h2>\t\t\t\t<\/div>\n\t\t\t\t<div class=\"elementor-element elementor-element-002b040 elementor-widget elementor-widget-text-editor\" data-id=\"002b040\" data-element_type=\"widget\" data-e-type=\"widget\" data-widget_type=\"text-editor.default\">\n\t\t\t\t\t\t\t\t\t<p>Puede presentar una reclamaci\u00f3n contra la respuesta a una solicitud de informaci\u00f3n accesible o queja relacionada con la accesibilidad de estos sitios web (art\u00edculo 13 del RD 1112\/2018) cuando:<\/p>\n<ul>\n<li>Su solicitud o queja hubiera sido desestimada. no est\u00e9 de acuerdo con la decisi\u00f3n adoptada.<\/li>\n<li>La respuesta no cumple con los requisitos contemplados en el art\u00edculo 12.5 del Real Decreto 1112\/2018.<\/li>\n<li>Ha transcurrido el plazo de veinte d\u00edas h\u00e1biles<\/li>\n<\/ul>\n<p>La reclamaci\u00f3n puede presentarse a trav\u00e9s de la Sede Electr\u00f3nica de la AEPD, as\u00ed como utilizando cualquiera de las opciones previstas en la Ley 39\/2015, de 1 de octubre, del Procedimiento Administrativo Com\u00fan de las Administraciones P\u00fablicas.<\/p>\n<p>Las reclamaciones ser\u00e1n recibidas y tratadas por la Unidad Responsable de Accesibilidad.<\/p>\n\t\t\t\t\t\t\t\t<\/div>\n\t\t\t\t<div class=\"elementor-element elementor-element-418e937 elementor-widget elementor-widget-heading\" data-id=\"418e937\" data-element_type=\"widget\" data-e-type=\"widget\" data-widget_type=\"heading.default\">\n\t\t\t\t\t<h2 class=\"elementor-heading-title elementor-size-default\">CONTENIDO OPCIONAL<\/h2>\t\t\t\t<\/div>\n\t\t\t\t<div class=\"elementor-element elementor-element-c122266 elementor-widget elementor-widget-text-editor\" data-id=\"c122266\" data-element_type=\"widget\" data-e-type=\"widget\" data-widget_type=\"text-editor.default\">\n\t\t\t\t\t\t\t\t\t<p>La accesibilidad del portal se ha tenido en cuenta de forma integral en el proceso de dise\u00f1o, gesti\u00f3n, mantenimiento y actualizaci\u00f3n de contenidos.<\/p>\n<p>Este sitio web aplica los requisitos de la Norma UNE-EN 301549:2022 considerando las excepciones del RD 1112\/2018.<\/p>\n<p>La \u00faltima revisi\u00f3n de accesibilidad se ha realizado en noviembre de 2023.<\/p>\n\t\t\t\t\t\t\t\t<\/div>\n\t\t\t\t<div class=\"elementor-element elementor-element-fae1f1d elementor-widget elementor-widget-heading\" data-id=\"fae1f1d\" data-element_type=\"widget\" data-e-type=\"widget\" data-widget_type=\"heading.default\">\n\t\t\t\t\t<h2 class=\"elementor-heading-title elementor-size-default\">COMPATIBILIDAD<\/h2>\t\t\t\t<\/div>\n\t\t\t\t<div class=\"elementor-element elementor-element-894b784 elementor-widget elementor-widget-text-editor\" data-id=\"894b784\" data-element_type=\"widget\" data-e-type=\"widget\" data-widget_type=\"text-editor.default\">\n\t\t\t\t\t\t\t\t\t<ul>\n<li>El sitio web www.viamassague.com se ha dise\u00f1ado adapt\u00e1ndose a los est\u00e1ndares y normativas vigentes en relaci\u00f3n a la accesibilidad, cumpliendo con los puntos de verificaci\u00f3n de prioridad 2 (AA) definidos en la especificaci\u00f3n de Pautas de Accesibilidad al Contenido en la Web (WCAG 2.1).<\/li>\n<li>Est\u00e1 optimizado para las \u00faltimas versiones vigentes de Chrome, Edge, Firefox, Safari y Opera.<\/li>\n<li>Se ha dise\u00f1ado para su correcta visualizaci\u00f3n en cualquier resoluci\u00f3n y dispositivo de escritorio, tabletas o m\u00f3viles (dise\u00f1o responsive).<\/li>\n<li>Se ha realizado utilizando HTML5 como lenguaje de marcado y hojas de estilo CSS 3 para su dise\u00f1o.<\/li>\n<li>Adem\u00e1s, se realiza un trabajo continuo de auditor\u00eda y revisi\u00f3n de contenidos para facilitar su interpretaci\u00f3n y mejorar la navegaci\u00f3n por el sitio web.<\/li>\n<\/ul>\n\t\t\t\t\t\t\t\t<\/div>\n\t\t\t\t\t<\/div>\n\t\t\t\t<\/div>\n\t\t\t\t<\/div>\n\t\t","protected":false},"excerpt":{"rendered":"<p>Declaraci\u00f3n de accesibilidad Miquel Plana Multirrisc, SL se ha comprometido a hacer accesible su sitio web, de conformidad con el Real Decreto 1112\/2018 , de 7 de septiembre, sobre accesibilidad de los sitios web y aplicaciones para dispositivos m\u00f3viles. La presente declaraci\u00f3n de accesibilidad se aplica a https:\/\/www.viamassague.com\/ SITUACI\u00d3N DE CUMPLIMIENTO Este sitio web es [&hellip;]<\/p>\n","protected":false},"author":1,"featured_media":0,"parent":0,"menu_order":19,"comment_status":"closed","ping_status":"closed","template":"","meta":{"_acf_changed":false,"footnotes":""},"class_list":["post-1071","page","type-page","status-publish","hentry"],"acf":[],"_links":{"self":[{"href":"https:\/\/www.viamassague.com\/es\/wp-json\/wp\/v2\/pages\/1071","targetHints":{"allow":["GET"]}}],"collection":[{"href":"https:\/\/www.viamassague.com\/es\/wp-json\/wp\/v2\/pages"}],"about":[{"href":"https:\/\/www.viamassague.com\/es\/wp-json\/wp\/v2\/types\/page"}],"author":[{"embeddable":true,"href":"https:\/\/www.viamassague.com\/es\/wp-json\/wp\/v2\/users\/1"}],"replies":[{"embeddable":true,"href":"https:\/\/www.viamassague.com\/es\/wp-json\/wp\/v2\/comments?post=1071"}],"version-history":[{"count":0,"href":"https:\/\/www.viamassague.com\/es\/wp-json\/wp\/v2\/pages\/1071\/revisions"}],"wp:attachment":[{"href":"https:\/\/www.viamassague.com\/es\/wp-json\/wp\/v2\/media?parent=1071"}],"curies":[{"name":"wp","href":"https:\/\/api.w.org\/{rel}","templated":true}]}}